{"id":15115,"date":"2020-09-08T04:43:26","date_gmt":"2020-09-08T04:43:26","guid":{"rendered":"http:\/\/localhost\/wordpress\/furety\/?page_id=15115"},"modified":"2025-03-12T14:45:54","modified_gmt":"2025-03-12T14:45:54","slug":"contact","status":"publish","type":"page","link":"https:\/\/parchetlaminat.md\/ru\/contact\/","title":{"rendered":"Contact"},"content":{"rendered":"<div data-elementor-type=\"wp-page\" data-elementor-id=\"15115\" class=\"elementor elementor-15115\">\n\t\t\t\t\t\t<section class=\"elementor-section elementor-top-section elementor-element elementor-element-d7db315 elementor-section-boxed elementor-section-height-default elementor-section-height-default\" data-id=\"d7db315\" data-element_type=\"section\">\n\t\t\t\t\t\t<div class=\"elementor-container elementor-column-gap-default\">\n\t\t\t\t\t<div class=\"elementor-column elementor-col-50 elementor-top-column elementor-element elementor-element-55289ce\" data-id=\"55289ce\" data-element_type=\"column\">\n\t\t\t<div class=\"elementor-widget-wrap elementor-element-populated\">\n\t\t\t\t\t\t<div class=\"elementor-element elementor-element-0a75148 elementor-widget__width-auto title-bold elementor-widget elementor-widget-heading\" data-id=\"0a75148\" data-element_type=\"widget\" data-widget_type=\"heading.default\">\n\t\t\t\t<div class=\"elementor-widget-container\">\n\t\t\t\t\t<h2 class=\"elementor-heading-title elementor-size-default\">Cum ne g\u0103se\u0219ti<\/h2>\t\t\t\t<\/div>\n\t\t\t\t<\/div>\n\t\t\t\t<div class=\"elementor-element elementor-element-2f14fe8 elementor-widget elementor-widget-html\" data-id=\"2f14fe8\" data-element_type=\"widget\" data-widget_type=\"html.default\">\n\t\t\t\t<div class=\"elementor-widget-container\">\n\t\t\t\t\t<iframe src=\"https:\/\/www.google.com\/maps\/embed?pb=!1m18!1m12!1m3!1d2352.8622992460364!2d28.83427845939754!3d47.06452961276441!2m3!1f0!2f0!3f0!3m2!1i1024!2i768!4f13.1!3m3!1m2!1s0x40c97d17aa094acb%3A0x19704ef99f06d773!2sAcor-Original-Com%20SRL!5e0!3m2!1sru!2s!4v1741163298708!5m2!1sru!2s\" width=\"100%\" height=\"445\" style=\"border:0;\" allowfullscreen=\"\" loading=\"lazy\" referrerpolicy=\"no-referrer-when-downgrade\"><\/iframe>\t\t\t\t<\/div>\n\t\t\t\t<\/div>\n\t\t\t\t\t<\/div>\n\t\t<\/div>\n\t\t\t\t<div class=\"elementor-column elementor-col-50 elementor-top-column elementor-element elementor-element-1fa47d5\" data-id=\"1fa47d5\" data-element_type=\"column\">\n\t\t\t<div class=\"elementor-widget-wrap elementor-element-populated\">\n\t\t\t\t\t\t<section class=\"elementor-section elementor-inner-section elementor-element elementor-element-1e49e07 elementor-section-boxed elementor-section-height-default elementor-section-height-default\" data-id=\"1e49e07\" data-element_type=\"section\">\n\t\t\t\t\t\t<div class=\"elementor-container elementor-column-gap-default\">\n\t\t\t\t\t<div class=\"elementor-column elementor-col-100 elementor-inner-column elementor-element elementor-element-03b1940\" data-id=\"03b1940\" data-element_type=\"column\" data-settings=\"{&quot;background_background&quot;:&quot;classic&quot;}\">\n\t\t\t<div class=\"elementor-widget-wrap elementor-element-populated\">\n\t\t\t\t\t\t<div class=\"elementor-element elementor-element-a42db69 elementor-widget elementor-widget-heading\" data-id=\"a42db69\" data-element_type=\"widget\" data-widget_type=\"heading.default\">\n\t\t\t\t<div class=\"elementor-widget-container\">\n\t\t\t\t\t<h2 class=\"elementor-heading-title elementor-size-default\">Adresa<\/h2>\t\t\t\t<\/div>\n\t\t\t\t<\/div>\n\t\t\t\t<div class=\"elementor-element elementor-element-7f5794b elementor-widget elementor-widget-text-editor\" data-id=\"7f5794b\" data-element_type=\"widget\" data-widget_type=\"text-editor.default\">\n\t\t\t\t<div class=\"elementor-widget-container\">\n\t\t\t\t\t\t\t\t\t<p><a href=\"https:\/\/maps.app.goo.gl\/KXJQEVYuqj3mTMgh9\" target=\"_blank\" rel=\"noopener\"><span class=\"elementor-icon-list-text\">Chi\u0219in\u0103u, Strada Doina 154\/7<\/span><\/a><\/p>\t\t\t\t\t\t\t\t<\/div>\n\t\t\t\t<\/div>\n\t\t\t\t<div class=\"elementor-element elementor-element-717c8dd elementor-widget elementor-widget-heading\" data-id=\"717c8dd\" data-element_type=\"widget\" data-widget_type=\"heading.default\">\n\t\t\t\t<div class=\"elementor-widget-container\">\n\t\t\t\t\t<h2 class=\"elementor-heading-title elementor-size-default\">Telefon<\/h2>\t\t\t\t<\/div>\n\t\t\t\t<\/div>\n\t\t\t\t<div class=\"elementor-element elementor-element-3355a48 elementor-widget elementor-widget-text-editor\" data-id=\"3355a48\" data-element_type=\"widget\" data-widget_type=\"text-editor.default\">\n\t\t\t\t<div class=\"elementor-widget-container\">\n\t\t\t\t\t\t\t\t\t<p><a href=\"tel:+373 686 37 785\">+373 686 37 785<\/a><\/p>\t\t\t\t\t\t\t\t<\/div>\n\t\t\t\t<\/div>\n\t\t\t\t<div class=\"elementor-element elementor-element-560831d elementor-widget elementor-widget-heading\" data-id=\"560831d\" data-element_type=\"widget\" data-widget_type=\"heading.default\">\n\t\t\t\t<div class=\"elementor-widget-container\">\n\t\t\t\t\t<h2 class=\"elementor-heading-title elementor-size-default\">Email<\/h2>\t\t\t\t<\/div>\n\t\t\t\t<\/div>\n\t\t\t\t<div class=\"elementor-element elementor-element-8cddc42 elementor-widget elementor-widget-text-editor\" data-id=\"8cddc42\" data-element_type=\"widget\" data-widget_type=\"text-editor.default\">\n\t\t\t\t<div class=\"elementor-widget-container\">\n\t\t\t\t\t\t\t\t\t<p><a href=\"mailto:acor@parchetlaminat.md\">acor@parchetlaminat.md<\/a><\/p>\t\t\t\t\t\t\t\t<\/div>\n\t\t\t\t<\/div>\n\t\t\t\t<div class=\"elementor-element elementor-element-169f330 elementor-widget elementor-widget-heading\" data-id=\"169f330\" data-element_type=\"widget\" data-widget_type=\"heading.default\">\n\t\t\t\t<div class=\"elementor-widget-container\">\n\t\t\t\t\t<h2 class=\"elementor-heading-title elementor-size-default\">Grafic<\/h2>\t\t\t\t<\/div>\n\t\t\t\t<\/div>\n\t\t\t\t<div class=\"elementor-element elementor-element-e251d02 elementor-widget elementor-widget-text-editor\" data-id=\"e251d02\" data-element_type=\"widget\" data-widget_type=\"text-editor.default\">\n\t\t\t\t<div class=\"elementor-widget-container\">\n\t\t\t\t\t\t\t\t\t<p>09:00 \u2013 17:00<\/p><p>S\u00e2mb\u0103t\u0103, Duminic\u0103 &#8211; \u00eenchis.<\/p>\t\t\t\t\t\t\t\t<\/div>\n\t\t\t\t<\/div>\n\t\t\t\t\t<\/div>\n\t\t<\/div>\n\t\t\t\t\t<\/div>\n\t\t<\/section>\n\t\t\t\t\t<\/div>\n\t\t<\/div>\n\t\t\t\t\t<\/div>\n\t\t<\/section>\n\t\t\t\t<\/div>","protected":false},"excerpt":{"rendered":"<p>Cum ne g\u0103se\u0219ti Adresa Chi\u0219in\u0103u, Strada Doina 154\/7 Telefon +373 686 37 785 Email acor@parchetlaminat.md Grafic 09:00 \u2013 17:00 S\u00e2mb\u0103t\u0103, Duminic\u0103 &#8211; \u00eenchis.<\/p>","protected":false},"author":1,"featured_media":0,"parent":0,"menu_order":0,"comment_status":"closed","ping_status":"closed","template":"","meta":{"footnotes":""},"class_list":["post-15115","page","type-page","status-publish","hentry"],"yoast_head":"<!-- This site is optimized with the Yoast SEO plugin v25.2 - https:\/\/yoast.com\/wordpress\/plugins\/seo\/ -->\n<title>Contact - Parchet laminat<\/title>\n<meta name=\"robots\" content=\"index, follow, max-snippet:-1, max-image-preview:large, max-video-preview:-1\" \/>\n<link rel=\"canonical\" href=\"https:\/\/parchetlaminat.md\/ru\/contact\/\" \/>\n<meta property=\"og:locale\" content=\"ru_RU\" \/>\n<meta property=\"og:type\" content=\"article\" \/>\n<meta property=\"og:title\" content=\"Contact - Parchet laminat\" \/>\n<meta property=\"og:description\" content=\"Cum ne g\u0103se\u0219ti Adresa Chi\u0219in\u0103u, Strada Doina 154\/7 Telefon +373 686 37 785 Email acor@parchetlaminat.md Grafic 09:00 \u2013 17:00 S\u00e2mb\u0103t\u0103, Duminic\u0103 &#8211; \u00eenchis.\" \/>\n<meta property=\"og:url\" content=\"https:\/\/parchetlaminat.md\/ru\/contact\/\" \/>\n<meta property=\"og:site_name\" content=\"Parchet laminat\" \/>\n<meta property=\"article:modified_time\" content=\"2025-03-12T14:45:54+00:00\" \/>\n<meta name=\"twitter:card\" content=\"summary_large_image\" \/>\n<meta name=\"twitter:label1\" content=\"\u041f\u0440\u0438\u043c\u0435\u0440\u043d\u043e\u0435 \u0432\u0440\u0435\u043c\u044f \u0434\u043b\u044f \u0447\u0442\u0435\u043d\u0438\u044f\" \/>\n\t<meta name=\"twitter:data1\" content=\"1 \u043c\u0438\u043d\u0443\u0442\u0430\" \/>\n<script type=\"application\/ld+json\" class=\"yoast-schema-graph\">{\"@context\":\"https:\/\/schema.org\",\"@graph\":[{\"@type\":\"WebPage\",\"@id\":\"https:\/\/parchetlaminat.md\/contact\/\",\"url\":\"https:\/\/parchetlaminat.md\/contact\/\",\"name\":\"Contact - Parchet laminat\",\"isPartOf\":{\"@id\":\"https:\/\/parchetlaminat.md\/#website\"},\"datePublished\":\"2020-09-08T04:43:26+00:00\",\"dateModified\":\"2025-03-12T14:45:54+00:00\",\"breadcrumb\":{\"@id\":\"https:\/\/parchetlaminat.md\/contact\/#breadcrumb\"},\"inLanguage\":\"ru-RU\",\"potentialAction\":[{\"@type\":\"ReadAction\",\"target\":[\"https:\/\/parchetlaminat.md\/contact\/\"]}]},{\"@type\":\"BreadcrumbList\",\"@id\":\"https:\/\/parchetlaminat.md\/contact\/#breadcrumb\",\"itemListElement\":[{\"@type\":\"ListItem\",\"position\":1,\"name\":\"Prima pagin\u0103\",\"item\":\"https:\/\/parchetlaminat.md\/\"},{\"@type\":\"ListItem\",\"position\":2,\"name\":\"Contact\"}]},{\"@type\":\"WebSite\",\"@id\":\"https:\/\/parchetlaminat.md\/#website\",\"url\":\"https:\/\/parchetlaminat.md\/\",\"name\":\"Parchet laminat\",\"description\":\"calitate germana\",\"publisher\":{\"@id\":\"https:\/\/parchetlaminat.md\/#organization\"},\"potentialAction\":[{\"@type\":\"SearchAction\",\"target\":{\"@type\":\"EntryPoint\",\"urlTemplate\":\"https:\/\/parchetlaminat.md\/?s={search_term_string}\"},\"query-input\":{\"@type\":\"PropertyValueSpecification\",\"valueRequired\":true,\"valueName\":\"search_term_string\"}}],\"inLanguage\":\"ru-RU\"},{\"@type\":\"Organization\",\"@id\":\"https:\/\/parchetlaminat.md\/#organization\",\"name\":\"Parchet laminat\",\"url\":\"https:\/\/parchetlaminat.md\/\",\"logo\":{\"@type\":\"ImageObject\",\"inLanguage\":\"ru-RU\",\"@id\":\"https:\/\/parchetlaminat.md\/#\/schema\/logo\/image\/\",\"url\":\"https:\/\/parchetlaminat.md\/wp-content\/uploads\/2025\/03\/krono-big-img.png\",\"contentUrl\":\"https:\/\/parchetlaminat.md\/wp-content\/uploads\/2025\/03\/krono-big-img.png\",\"width\":600,\"height\":600,\"caption\":\"Parchet laminat\"},\"image\":{\"@id\":\"https:\/\/parchetlaminat.md\/#\/schema\/logo\/image\/\"}}]}<\/script>\n<!-- \/ Yoast SEO plugin. -->","yoast_head_json":{"title":"Contact - Parchet laminat","robots":{"index":"index","follow":"follow","max-snippet":"max-snippet:-1","max-image-preview":"max-image-preview:large","max-video-preview":"max-video-preview:-1"},"canonical":"https:\/\/parchetlaminat.md\/ru\/contact\/","og_locale":"ru_RU","og_type":"article","og_title":"Contact - Parchet laminat","og_description":"Cum ne g\u0103se\u0219ti Adresa Chi\u0219in\u0103u, Strada Doina 154\/7 Telefon +373 686 37 785 Email acor@parchetlaminat.md Grafic 09:00 \u2013 17:00 S\u00e2mb\u0103t\u0103, Duminic\u0103 &#8211; \u00eenchis.","og_url":"https:\/\/parchetlaminat.md\/ru\/contact\/","og_site_name":"Parchet laminat","article_modified_time":"2025-03-12T14:45:54+00:00","twitter_card":"summary_large_image","twitter_misc":{"\u041f\u0440\u0438\u043c\u0435\u0440\u043d\u043e\u0435 \u0432\u0440\u0435\u043c\u044f \u0434\u043b\u044f \u0447\u0442\u0435\u043d\u0438\u044f":"1 \u043c\u0438\u043d\u0443\u0442\u0430"},"schema":{"@context":"https:\/\/schema.org","@graph":[{"@type":"WebPage","@id":"https:\/\/parchetlaminat.md\/contact\/","url":"https:\/\/parchetlaminat.md\/contact\/","name":"Contact - Parchet laminat","isPartOf":{"@id":"https:\/\/parchetlaminat.md\/#website"},"datePublished":"2020-09-08T04:43:26+00:00","dateModified":"2025-03-12T14:45:54+00:00","breadcrumb":{"@id":"https:\/\/parchetlaminat.md\/contact\/#breadcrumb"},"inLanguage":"ru-RU","potentialAction":[{"@type":"ReadAction","target":["https:\/\/parchetlaminat.md\/contact\/"]}]},{"@type":"BreadcrumbList","@id":"https:\/\/parchetlaminat.md\/contact\/#breadcrumb","itemListElement":[{"@type":"ListItem","position":1,"name":"Prima pagin\u0103","item":"https:\/\/parchetlaminat.md\/"},{"@type":"ListItem","position":2,"name":"Contact"}]},{"@type":"WebSite","@id":"https:\/\/parchetlaminat.md\/#website","url":"https:\/\/parchetlaminat.md\/","name":"Parchet laminat","description":"calitate germana","publisher":{"@id":"https:\/\/parchetlaminat.md\/#organization"},"potentialAction":[{"@type":"SearchAction","target":{"@type":"EntryPoint","urlTemplate":"https:\/\/parchetlaminat.md\/?s={search_term_string}"},"query-input":{"@type":"PropertyValueSpecification","valueRequired":true,"valueName":"search_term_string"}}],"inLanguage":"ru-RU"},{"@type":"Organization","@id":"https:\/\/parchetlaminat.md\/#organization","name":"Parchet laminat","url":"https:\/\/parchetlaminat.md\/","logo":{"@type":"ImageObject","inLanguage":"ru-RU","@id":"https:\/\/parchetlaminat.md\/#\/schema\/logo\/image\/","url":"https:\/\/parchetlaminat.md\/wp-content\/uploads\/2025\/03\/krono-big-img.png","contentUrl":"https:\/\/parchetlaminat.md\/wp-content\/uploads\/2025\/03\/krono-big-img.png","width":600,"height":600,"caption":"Parchet laminat"},"image":{"@id":"https:\/\/parchetlaminat.md\/#\/schema\/logo\/image\/"}}]}},"_links":{"self":[{"href":"https:\/\/parchetlaminat.md\/ru\/wp-json\/wp\/v2\/pages\/15115","targetHints":{"allow":["GET"]}}],"collection":[{"href":"https:\/\/parchetlaminat.md\/ru\/wp-json\/wp\/v2\/pages"}],"about":[{"href":"https:\/\/parchetlaminat.md\/ru\/wp-json\/wp\/v2\/types\/page"}],"author":[{"embeddable":true,"href":"https:\/\/parchetlaminat.md\/ru\/wp-json\/wp\/v2\/users\/1"}],"replies":[{"embeddable":true,"href":"https:\/\/parchetlaminat.md\/ru\/wp-json\/wp\/v2\/comments?post=15115"}],"version-history":[{"count":9,"href":"https:\/\/parchetlaminat.md\/ru\/wp-json\/wp\/v2\/pages\/15115\/revisions"}],"predecessor-version":[{"id":45892,"href":"https:\/\/parchetlaminat.md\/ru\/wp-json\/wp\/v2\/pages\/15115\/revisions\/45892"}],"wp:attachment":[{"href":"https:\/\/parchetlaminat.md\/ru\/wp-json\/wp\/v2\/media?parent=15115"}],"curies":[{"name":"wp","href":"https:\/\/api.w.org\/{rel}","templated":true}]}}